{"id":711,"date":"2022-07-21T10:50:26","date_gmt":"2022-07-21T03:50:26","guid":{"rendered":"http:\/\/recruitment.eiv.edu.vn\/?page_id=711"},"modified":"2026-02-02T14:23:01","modified_gmt":"2026-02-02T07:23:01","slug":"tin-tuc","status":"publish","type":"page","link":"https:\/\/eiv.edu.vn\/tienganhlienket\/tin-tuc\/","title":{"rendered":"Tin t\u1ee9c"},"content":{"rendered":"\t<section class=\"section\" id=\"section_1981443567\">\n\t\t<div class=\"bg section-bg fill bg-fill  bg-loaded\" >\n\n\t\t\t\n\t\t\t\n\t\t\t\n\n\t\t<\/div>\n\n\t\t\n\n\t\t<div class=\"section-content relative\">\n\t\t\t\n\t<div id=\"text-975231650\" class=\"text\">\n\t\t\n<h2>TIN T\u1ee8C M\u1edaI NH\u1ea4T<\/h2>\n\t\t\n<style>\n#text-975231650 {\n  text-align: center;\n}\n<\/style>\n\t<\/div>\n\t\n\t<div id=\"gap-2115244319\" class=\"gap-element clearfix\" style=\"display:block; height:auto;\">\n\t\t\n<style>\n#gap-2115244319 {\n  padding-top: 30px;\n}\n<\/style>\n\t<\/div>\n\t\n\n  \n    <div class=\"row obelix-blog-list--ten large-columns-3 medium-columns-2 small-columns-1\">\n  <div class=\"col post-item\" >\n\t\t\t<div class=\"col-inner\">\n\t\t\t<a href=\"https:\/\/eiv.edu.vn\/tienganhlienket\/chuong-trinh-lien-ket-giang-day-tieng-anh-tai-da-nang\/\" class=\"plain\">\n\t\t\t\t<div class=\"box box-default box-text-bottom box-blog-post has-hover\">\n            \t\t\t\t\t<div class=\"box-image\" >\n  \t\t\t\t\t\t<div class=\"image-zoom image-cover\" style=\"padding-top:56%;\">\n  \t\t\t\t\t\t\t<img loading=\"lazy\" decoding=\"async\" width=\"1200\" height=\"630\" src=\"https:\/\/eiv.edu.vn\/tienganhlienket\/wp-content\/uploads\/2026\/03\/Chuong-Trinh-Lien-Ket-Giang-Day-Tieng-Anh-Tai-Da-Nang.png\" class=\"attachment-original size-original wp-post-image\" alt=\"Ch\u01b0\u01a1ng Tr\u00ecnh Li\u00ean K\u1ebft Gi\u1ea3ng D\u1ea1y Ti\u1ebfng Anh T\u1ea1i \u0110\u00e0 N\u1eb5ng\" srcset=\"https:\/\/eiv.edu.vn\/tienganhlienket\/wp-content\/uploads\/2026\/03\/Chuong-Trinh-Lien-Ket-Giang-Day-Tieng-Anh-Tai-Da-Nang.png 1200w, https:\/\/eiv.edu.vn\/tienganhlienket\/wp-content\/uploads\/2026\/03\/Chuong-Trinh-Lien-Ket-Giang-Day-Tieng-Anh-Tai-Da-Nang-762x400.png 762w, https:\/\/eiv.edu.vn\/tienganhlienket\/wp-content\/uploads\/2026\/03\/Chuong-Trinh-Lien-Ket-Giang-Day-Tieng-Anh-Tai-Da-Nang-768x403.png 768w\" sizes=\"auto, (max-width: 1200px) 100vw, 1200px\" \/>  \t\t\t\t\t\t\t  \t\t\t\t\t\t\t  \t\t\t\t\t\t<\/div>\n  \t\t\t\t\t\t  \t\t\t\t\t<\/div>\n          \t\t\t\t\t<div class=\"box-text text-left\" style=\"padding:0.92rem 0px 1rem 0px;\">\n\t\t\t\t\t<div class=\"box-text-inner blog-post-inner\">\n\n\t\t\t\t\t\n\t\t\t\t\t\t\t\t\t\t<h5 class=\"post-title is-larger \">Ch\u01b0\u01a1ng Tr\u00ecnh Li\u00ean K\u1ebft Gi\u1ea3ng D\u1ea1y Ti\u1ebfng Anh T\u1ea1i \u0110\u00e0 N\u1eb5ng C\u1ee7a EIV \u0110\u00e3 Tri\u1ec3n Khai Hay Ch\u01b0a?<\/h5>\n\t\t\t\t\t\t\t\t\t\t<div class=\"is-divider\"><\/div>\n\t\t\t\t\t\t\t\t\t\t<p class=\"from_the_blog_excerpt \">Ch\u01b0\u01a1ng tr\u00ecnh li\u00ean k\u1ebft gi\u1ea3ng d\u1ea1y ti\u1ebfng Anh c\u1ee7a EIV Education...\t\t\t\t\t<\/p>\n\t\t\t\t\t                    \n\t\t\t\t\t\t\t\t\t\t\t<button href=\"https:\/\/eiv.edu.vn\/tienganhlienket\/chuong-trinh-lien-ket-giang-day-tieng-anh-tai-da-nang\/\" class=\"button  is-underline is-small mb-0\">\n\t\t\t\t\t\t\t\u0110\u1ecdc th\u00eam\t\t\t\t\t\t<\/button>\n\t\t\t\t\t\n\t\t\t\t\t\n\t\t\t\t\t<\/div>\n\t\t\t\t\t<\/div>\n\t\t\t\t\t\t\t\t\t<\/div>\n\t\t\t\t<\/a>\n\t\t\t<\/div>\n\t\t<\/div><div class=\"col post-item\" >\n\t\t\t<div class=\"col-inner\">\n\t\t\t<a href=\"https:\/\/eiv.edu.vn\/tienganhlienket\/lien-ket-giang-day-tieng-anh-tai-tp-ho-chi-minh\/\" class=\"plain\">\n\t\t\t\t<div class=\"box box-default box-text-bottom box-blog-post has-hover\">\n            \t\t\t\t\t<div class=\"box-image\" >\n  \t\t\t\t\t\t<div class=\"image-zoom image-cover\" style=\"padding-top:56%;\">\n  \t\t\t\t\t\t\t<img loading=\"lazy\" decoding=\"async\" width=\"1200\" height=\"630\" src=\"https:\/\/eiv.edu.vn\/tienganhlienket\/wp-content\/uploads\/2026\/03\/Chuong-Trinh-Lien-Ket-Giang-Day-Tieng-Anh-Tai-TP-Ho-Chi-Minh-Cua-EIV.png\" class=\"attachment-original size-original wp-post-image\" alt=\"Ch\u01b0\u01a1ng Tr\u00ecnh Li\u00ean K\u1ebft Gi\u1ea3ng D\u1ea1y Ti\u1ebfng Anh T\u1ea1i TP H\u1ed3 Ch\u00ed Minh C\u1ee7a EIV\" srcset=\"https:\/\/eiv.edu.vn\/tienganhlienket\/wp-content\/uploads\/2026\/03\/Chuong-Trinh-Lien-Ket-Giang-Day-Tieng-Anh-Tai-TP-Ho-Chi-Minh-Cua-EIV.png 1200w, https:\/\/eiv.edu.vn\/tienganhlienket\/wp-content\/uploads\/2026\/03\/Chuong-Trinh-Lien-Ket-Giang-Day-Tieng-Anh-Tai-TP-Ho-Chi-Minh-Cua-EIV-762x400.png 762w, https:\/\/eiv.edu.vn\/tienganhlienket\/wp-content\/uploads\/2026\/03\/Chuong-Trinh-Lien-Ket-Giang-Day-Tieng-Anh-Tai-TP-Ho-Chi-Minh-Cua-EIV-768x403.png 768w\" sizes=\"auto, (max-width: 1200px) 100vw, 1200px\" \/>  \t\t\t\t\t\t\t  \t\t\t\t\t\t\t  \t\t\t\t\t\t<\/div>\n  \t\t\t\t\t\t  \t\t\t\t\t<\/div>\n          \t\t\t\t\t<div class=\"box-text text-left\" style=\"padding:0.92rem 0px 1rem 0px;\">\n\t\t\t\t\t<div class=\"box-text-inner blog-post-inner\">\n\n\t\t\t\t\t\n\t\t\t\t\t\t\t\t\t\t<h5 class=\"post-title is-larger \">Ch\u01b0\u01a1ng Tr\u00ecnh Li\u00ean K\u1ebft Gi\u1ea3ng D\u1ea1y Ti\u1ebfng Anh T\u1ea1i TP H\u1ed3 Ch\u00ed Minh C\u1ee7a EIV \u0110\u00e3 Tri\u1ec3n Khai Ch\u01b0a?<\/h5>\n\t\t\t\t\t\t\t\t\t\t<div class=\"is-divider\"><\/div>\n\t\t\t\t\t\t\t\t\t\t<p class=\"from_the_blog_excerpt \">Ch\u01b0\u01a1ng tr\u00ecnh li\u00ean k\u1ebft gi\u1ea3ng d\u1ea1y ti\u1ebfng Anh c\u1ee7a EIV l\u00e0...\t\t\t\t\t<\/p>\n\t\t\t\t\t                    \n\t\t\t\t\t\t\t\t\t\t\t<button href=\"https:\/\/eiv.edu.vn\/tienganhlienket\/lien-ket-giang-day-tieng-anh-tai-tp-ho-chi-minh\/\" class=\"button  is-underline is-small mb-0\">\n\t\t\t\t\t\t\t\u0110\u1ecdc th\u00eam\t\t\t\t\t\t<\/button>\n\t\t\t\t\t\n\t\t\t\t\t\n\t\t\t\t\t<\/div>\n\t\t\t\t\t<\/div>\n\t\t\t\t\t\t\t\t\t<\/div>\n\t\t\t\t<\/a>\n\t\t\t<\/div>\n\t\t<\/div><div class=\"col post-item\" >\n\t\t\t<div class=\"col-inner\">\n\t\t\t<a href=\"https:\/\/eiv.edu.vn\/tienganhlienket\/chuong-trinh-lien-ket-bo-tro-tieng-anh-tu-eiv\/\" class=\"plain\">\n\t\t\t\t<div class=\"box box-default box-text-bottom box-blog-post has-hover\">\n            \t\t\t\t\t<div class=\"box-image\" >\n  \t\t\t\t\t\t<div class=\"image-zoom image-cover\" style=\"padding-top:56%;\">\n  \t\t\t\t\t\t\t<img loading=\"lazy\" decoding=\"async\" width=\"1200\" height=\"630\" src=\"https:\/\/eiv.edu.vn\/tienganhlienket\/wp-content\/uploads\/2026\/03\/Chuong-Trinh-Lien-Ket-Dao-Tao-Bo-Tro-Tieng-Anh-CUA-EIV-La-Gi.png\" class=\"attachment-original size-original wp-post-image\" alt=\"Ch\u01b0\u01a1ng Tr\u00ecnh Li\u00ean K\u1ebft \u0110\u00e0o T\u1ea1o B\u1ed5 Tr\u1ee3 Ti\u1ebfng Anh C\u1ee6A EIV L\u00e0 G\u00ec\" srcset=\"https:\/\/eiv.edu.vn\/tienganhlienket\/wp-content\/uploads\/2026\/03\/Chuong-Trinh-Lien-Ket-Dao-Tao-Bo-Tro-Tieng-Anh-CUA-EIV-La-Gi.png 1200w, https:\/\/eiv.edu.vn\/tienganhlienket\/wp-content\/uploads\/2026\/03\/Chuong-Trinh-Lien-Ket-Dao-Tao-Bo-Tro-Tieng-Anh-CUA-EIV-La-Gi-762x400.png 762w, https:\/\/eiv.edu.vn\/tienganhlienket\/wp-content\/uploads\/2026\/03\/Chuong-Trinh-Lien-Ket-Dao-Tao-Bo-Tro-Tieng-Anh-CUA-EIV-La-Gi-768x403.png 768w\" sizes=\"auto, (max-width: 1200px) 100vw, 1200px\" \/>  \t\t\t\t\t\t\t  \t\t\t\t\t\t\t  \t\t\t\t\t\t<\/div>\n  \t\t\t\t\t\t  \t\t\t\t\t<\/div>\n          \t\t\t\t\t<div class=\"box-text text-left\" style=\"padding:0.92rem 0px 1rem 0px;\">\n\t\t\t\t\t<div class=\"box-text-inner blog-post-inner\">\n\n\t\t\t\t\t\n\t\t\t\t\t\t\t\t\t\t<h5 class=\"post-title is-larger \">Ch\u01b0\u01a1ng Tr\u00ecnh Li\u00ean K\u1ebft \u0110\u00e0o T\u1ea1o B\u1ed5 Tr\u1ee3 Ti\u1ebfng Anh C\u1ee7a EIV L\u00e0 G\u00ec?<\/h5>\n\t\t\t\t\t\t\t\t\t\t<div class=\"is-divider\"><\/div>\n\t\t\t\t\t\t\t\t\t\t<p class=\"from_the_blog_excerpt \">Ch\u01b0\u01a1ng tr\u00ecnh li\u00ean k\u1ebft \u0111\u00e0o t\u1ea1o b\u1ed5 tr\u1ee3 ti\u1ebfng Anh l\u00e0...\t\t\t\t\t<\/p>\n\t\t\t\t\t                    \n\t\t\t\t\t\t\t\t\t\t\t<button href=\"https:\/\/eiv.edu.vn\/tienganhlienket\/chuong-trinh-lien-ket-bo-tro-tieng-anh-tu-eiv\/\" class=\"button  is-underline is-small mb-0\">\n\t\t\t\t\t\t\t\u0110\u1ecdc th\u00eam\t\t\t\t\t\t<\/button>\n\t\t\t\t\t\n\t\t\t\t\t\n\t\t\t\t\t<\/div>\n\t\t\t\t\t<\/div>\n\t\t\t\t\t\t\t\t\t<\/div>\n\t\t\t\t<\/a>\n\t\t\t<\/div>\n\t\t<\/div><div class=\"col post-item\" >\n\t\t\t<div class=\"col-inner\">\n\t\t\t<a href=\"https:\/\/eiv.edu.vn\/tienganhlienket\/cac-chinh-sach-ve-day-hoc-them-va-lien-ket-dao-tao-tieng-anh-theo-thong-tu-29-2024-tt-bgddt\/\" class=\"plain\">\n\t\t\t\t<div class=\"box box-default box-text-bottom box-blog-post has-hover\">\n            \t\t\t\t\t<div class=\"box-image\" >\n  \t\t\t\t\t\t<div class=\"image-zoom image-cover\" style=\"padding-top:56%;\">\n  \t\t\t\t\t\t\t<img loading=\"lazy\" decoding=\"async\" width=\"1280\" height=\"720\" src=\"https:\/\/eiv.edu.vn\/tienganhlienket\/wp-content\/uploads\/2026\/01\/Cac-chinh-sach-ve-day-them-va-lien-ket-dao-tao-tieng-Anh.png\" class=\"attachment-original size-original wp-post-image\" alt=\"C\u00e1c ch\u00ednh s\u00e1ch v\u1ec1 d\u1ea1y th\u00eam v\u00e0 li\u00ean k\u1ebft \u0111\u00e0o t\u1ea1o ti\u1ebfng Anh\" srcset=\"https:\/\/eiv.edu.vn\/tienganhlienket\/wp-content\/uploads\/2026\/01\/Cac-chinh-sach-ve-day-them-va-lien-ket-dao-tao-tieng-Anh.png 1280w, https:\/\/eiv.edu.vn\/tienganhlienket\/wp-content\/uploads\/2026\/01\/Cac-chinh-sach-ve-day-them-va-lien-ket-dao-tao-tieng-Anh-711x400.png 711w, https:\/\/eiv.edu.vn\/tienganhlienket\/wp-content\/uploads\/2026\/01\/Cac-chinh-sach-ve-day-them-va-lien-ket-dao-tao-tieng-Anh-768x432.png 768w\" sizes=\"auto, (max-width: 1280px) 100vw, 1280px\" \/>  \t\t\t\t\t\t\t  \t\t\t\t\t\t\t  \t\t\t\t\t\t<\/div>\n  \t\t\t\t\t\t  \t\t\t\t\t<\/div>\n          \t\t\t\t\t<div class=\"box-text text-left\" style=\"padding:0.92rem 0px 1rem 0px;\">\n\t\t\t\t\t<div class=\"box-text-inner blog-post-inner\">\n\n\t\t\t\t\t\n\t\t\t\t\t\t\t\t\t\t<h5 class=\"post-title is-larger \">C\u00e1c ch\u00ednh s\u00e1ch v\u1ec1 d\u1ea1y &#8211; h\u1ecdc th\u00eam v\u00e0 li\u00ean k\u1ebft \u0111\u00e0o t\u1ea1o ti\u1ebfng Anh theo th\u00f4ng t\u01b0 29\/2024\/TT-BGD\u0110T<\/h5>\n\t\t\t\t\t\t\t\t\t\t<div class=\"is-divider\"><\/div>\n\t\t\t\t\t\t\t\t\t\t<p class=\"from_the_blog_excerpt \">Th\u00f4ng t\u01b0 29\/2024\/TT-BGD\u0110T c\u1ee7a B\u1ed9 Gi\u00e1o d\u1ee5c v\u00e0 \u0110\u00e0o t\u1ea1o ban...\t\t\t\t\t<\/p>\n\t\t\t\t\t                    \n\t\t\t\t\t\t\t\t\t\t\t<button href=\"https:\/\/eiv.edu.vn\/tienganhlienket\/cac-chinh-sach-ve-day-hoc-them-va-lien-ket-dao-tao-tieng-anh-theo-thong-tu-29-2024-tt-bgddt\/\" class=\"button  is-underline is-small mb-0\">\n\t\t\t\t\t\t\t\u0110\u1ecdc th\u00eam\t\t\t\t\t\t<\/button>\n\t\t\t\t\t\n\t\t\t\t\t\n\t\t\t\t\t<\/div>\n\t\t\t\t\t<\/div>\n\t\t\t\t\t\t\t\t\t<\/div>\n\t\t\t\t<\/a>\n\t\t\t<\/div>\n\t\t<\/div><\/div>\n\t\t<\/div>\n\n\t\t\n<style>\n#section_1981443567 {\n  padding-top: 60px;\n  padding-bottom: 60px;\n}\n#section_1981443567 .ux-shape-divider--top svg {\n  height: 150px;\n  --divider-top-width: 100%;\n}\n#section_1981443567 .ux-shape-divider--bottom svg {\n  height: 150px;\n  --divider-width: 100%;\n}\n<\/style>\n\t<\/section>\n\t\n","protected":false},"excerpt":{"rendered":"","protected":false},"author":1,"featured_media":946,"parent":0,"menu_order":0,"comment_status":"closed","ping_status":"closed","template":"page-blank.php","meta":{"_acf_changed":false,"powered_cache_disable_cache":false,"powered_cache_disable_css_optimization":false,"powered_cache_disable_js_optimization":false,"footnotes":""},"class_list":["post-711","page","type-page","status-publish","has-post-thumbnail","hentry"],"acf":[],"_links":{"self":[{"href":"https:\/\/eiv.edu.vn\/tienganhlienket\/wp-json\/wp\/v2\/pages\/711","targetHints":{"allow":["GET"]}}],"collection":[{"href":"https:\/\/eiv.edu.vn\/tienganhlienket\/wp-json\/wp\/v2\/pages"}],"about":[{"href":"https:\/\/eiv.edu.vn\/tienganhlienket\/wp-json\/wp\/v2\/types\/page"}],"author":[{"embeddable":true,"href":"https:\/\/eiv.edu.vn\/tienganhlienket\/wp-json\/wp\/v2\/users\/1"}],"replies":[{"embeddable":true,"href":"https:\/\/eiv.edu.vn\/tienganhlienket\/wp-json\/wp\/v2\/comments?post=711"}],"version-history":[{"count":5,"href":"https:\/\/eiv.edu.vn\/tienganhlienket\/wp-json\/wp\/v2\/pages\/711\/revisions"}],"predecessor-version":[{"id":1881,"href":"https:\/\/eiv.edu.vn\/tienganhlienket\/wp-json\/wp\/v2\/pages\/711\/revisions\/1881"}],"wp:featuredmedia":[{"embeddable":true,"href":"https:\/\/eiv.edu.vn\/tienganhlienket\/wp-json\/wp\/v2\/media\/946"}],"wp:attachment":[{"href":"https:\/\/eiv.edu.vn\/tienganhlienket\/wp-json\/wp\/v2\/media?parent=711"}],"curies":[{"name":"wp","href":"https:\/\/api.w.org\/{rel}","templated":true}]}}