{"id":1863,"date":"2026-01-29T23:08:03","date_gmt":"2026-01-29T16:08:03","guid":{"rendered":"https:\/\/eiv.edu.vn\/tienganhlienket\/?page_id=1863"},"modified":"2026-03-06T11:05:25","modified_gmt":"2026-03-06T04:05:25","slug":"lien-he","status":"publish","type":"page","link":"https:\/\/eiv.edu.vn\/tienganhlienket\/lien-he\/","title":{"rendered":"Li\u00ean h\u1ec7"},"content":{"rendered":"\t<section class=\"section hero-strip\" id=\"section_715848075\">\n\t\t<div class=\"bg section-bg fill bg-fill  bg-loaded\" >\n\n\t\t\t\n\t\t\t\n\t\t\t\n\n\t\t<\/div>\n\n\t\t\n\n\t\t<div class=\"section-content relative\">\n\t\t\t\n<div class=\"row\"  id=\"row-2010320854\">\n\n\t<div id=\"col-1930601079\" class=\"col no-padding-bottom small-12 large-12\"  >\n\t\t\t\t<div class=\"col-inner\"  >\n\t\t\t\n\t\t\t\n\n<div class=\"hero-strip-inner\">\n<div class=\"hero-tag\">Li\u00ean h\u1ec7 &#038; T\u01b0 v\u1ea5n<\/div>\n<h1>Nh\u1eadn t\u01b0 v\u1ea5n<br \/><span>mi\u1ec5n ph\u00ed<\/span> t\u1eeb EIV<\/h1>\n<p>\u0110\u1ed9i ng\u0169 chuy\u00ean gia c\u1ee7a EIV s\u1eb5n s\u00e0ng t\u01b0 v\u1ea5n ch\u01b0\u01a1ng tr\u00ecnh v\u00e0 b\u00e1o gi\u00e1 ph\u00f9 h\u1ee3p nh\u1ea5t cho nh\u00e0 tr\u01b0\u1eddng c\u1ee7a b\u1ea1n.<\/p>\n<\/p><\/div>\n\n\t\t<\/div>\n\t\t\t\t\t<\/div>\n\n\t\n<\/div>\n\t\t<\/div>\n\n\t\t\n<style>\n#section_715848075 {\n  padding-top: 50px;\n  padding-bottom: 50px;\n}\n#section_715848075 .ux-shape-divider--top svg {\n  height: 150px;\n  --divider-top-width: 100%;\n}\n#section_715848075 .ux-shape-divider--bottom svg {\n  height: 150px;\n  --divider-width: 100%;\n}\n<\/style>\n\t<\/section>\n\t\n\t<section class=\"section\" id=\"section_1387194499\">\n\t\t<div class=\"bg section-bg fill bg-fill  bg-loaded\" >\n\n\t\t\t\n\t\t\t\n\t\t\t\n\t<div class=\"is-border\"\n\t\tstyle=\"border-width:0px 0px 1 0px;\">\n\t<\/div>\n\n\t\t<\/div>\n\n\t\t\n\n\t\t<div class=\"section-content relative\">\n\t\t\t\n<div class=\"row row-large\"  id=\"row-472278272\">\n\n\t<div id=\"col-2036990764\" class=\"col medium-5 small-12 large-5\"  >\n\t\t\t\t<div class=\"col-inner\"  >\n\t\t\t\n\t\t\t\n\n<div class=\"info-col reveal\">\n   <span class=\"section-tag\">Th\u00f4ng tin li\u00ean h\u1ec7<\/span><\/p>\n<h2>Ch\u00fang t\u00f4i lu\u00f4n<br \/>\u1edf \u0111\u00e2y h\u1ed7 tr\u1ee3 b\u1ea1n<\/h2>\n<div class=\"contact-cards\">\n<div class=\"contact-card\">\n<div class=\"cc-icon\">\ud83d\udcde<\/div>\n<div class=\"cc-body\">\n<div class=\"cc-label\">Hotline<\/div>\n<div class=\"cc-value\">028 7309 9959<\/div>\n<div class=\"cc-sub\">G\u1ecdi tr\u1ef1c ti\u1ebfp \u0111\u1ec3 \u0111\u01b0\u1ee3c t\u01b0 v\u1ea5n nhanh nh\u1ea5t<\/div>\n<\/p><\/div>\n<\/p><\/div>\n<div class=\"contact-card\">\n<div class=\"cc-icon\">\ud83d\udce7<\/div>\n<div class=\"cc-body\">\n<div class=\"cc-label\">Email<\/div>\n<div class=\"cc-value\">info@eiv.edu.vn<\/div>\n<div class=\"cc-sub\">Ph\u1ea3n h\u1ed3i trong v\u00f2ng 24 gi\u1edd l\u00e0m vi\u1ec7c<\/div>\n<\/p><\/div>\n<\/p><\/div>\n<div class=\"contact-card\">\n<div class=\"cc-icon\">\ud83d\udccd<\/div>\n<div class=\"cc-body\">\n<div class=\"cc-label\">\u0110\u1ecba ch\u1ec9<\/div>\n<div class=\"cc-value\">T\u1ea7ng 1, T\u00f2a nh\u00e0 Platinum<br \/>6 Nguy\u1ec5n C\u00f4ng Hoan, Ba \u0110\u00ecnh, H\u00e0 N\u1ed9i<\/div>\n<div class=\"cc-sub\">Hoan ngh\u00eanh nh\u00e0 tr\u01b0\u1eddng gh\u00e9 th\u0103m tr\u1ef1c ti\u1ebfp<\/div>\n<\/p><\/div>\n<\/p><\/div>\n<\/p><\/div>\n<div class=\"programs-quick\">\n<h3>Ch\u01b0\u01a1ng tr\u00ecnh \u0111ang tri\u1ec3n khai<\/h3>\n<div class=\"prog-tags\">\n         <span class=\"prog-tag\">M\u1ea7m non<\/span><br \/>\n         <span class=\"prog-tag\">Ti\u1ec3u h\u1ecdc<\/span><br \/>\n         <span class=\"prog-tag\">THCS<\/span><br \/>\n         <span class=\"prog-tag\">THPT L\u1edbp 10\u201311<\/span>\n      <\/div>\n<\/p><\/div>\n<\/div>\n\n\t\t<\/div>\n\t\t\t\t\t<\/div>\n\n\t\n\n\t<div id=\"col-1050667719\" class=\"col form-card medium-7 small-12 large-7\"  >\n\t\t\t\t<div class=\"col-inner\"  >\n\t\t\t\n\t\t\t\n\n<h2>\u0110\u0103ng k\u00fd t\u01b0 v\u1ea5n<\/h2>\n<p class=\"form-sub\">\u0110i\u1ec1n th\u00f4ng tin b\u00ean d\u01b0\u1edbi, chuy\u00ean vi\u00ean EIV s\u1ebd li\u00ean h\u1ec7 l\u1ea1i trong v\u00f2ng <strong>24 gi\u1edd l\u00e0m vi\u1ec7c<\/strong>.<\/p>\n\n\n<div class=\"wpcf7 no-js\" id=\"wpcf7-f1738-o1\" lang=\"vi\" dir=\"ltr\" data-wpcf7-id=\"1738\">\n<div class=\"screen-reader-response\"><p role=\"status\" aria-live=\"polite\" aria-atomic=\"true\"><\/p> <ul><\/ul><\/div>\n<form action=\"\/tienganhlienket\/wp-json\/wp\/v2\/pages\/1863#wpcf7-f1738-o1\" method=\"post\" class=\"wpcf7-form init\" aria-label=\"Form li\u00ean h\u1ec7\" novalidate=\"novalidate\" data-status=\"init\">\n<fieldset class=\"hidden-fields-container\"><input type=\"hidden\" name=\"_wpcf7\" value=\"1738\" \/><input type=\"hidden\" name=\"_wpcf7_version\" value=\"6.1.5\" \/><input type=\"hidden\" name=\"_wpcf7_locale\" value=\"vi\" \/><input type=\"hidden\" name=\"_wpcf7_unit_tag\" value=\"wpcf7-f1738-o1\" \/><input type=\"hidden\" name=\"_wpcf7_container_post\" value=\"0\" \/><input type=\"hidden\" name=\"_wpcf7_posted_data_hash\" value=\"\" \/>\n<\/fieldset>\n<div class=\"bottom_form\">\n\t<p><label> T\u00ean c\u1ee7a b\u1ea1n<br \/>\n<span class=\"wpcf7-form-control-wrap\" data-name=\"your-name\"><input size=\"40\" maxlength=\"400\" class=\"wpcf7-form-control wpcf7-text wpcf7-validates-as-required\" autocomplete=\"name\" aria-required=\"true\" aria-invalid=\"false\" value=\"\" type=\"text\" name=\"your-name\" \/><\/span> <\/label>\n\t<\/p>\n\t<p><label> S\u1ed1 \u0111i\u1ec7n tho\u1ea1i<br \/>\n<span class=\"wpcf7-form-control-wrap\" data-name=\"tel-so-dien-thoai\"><input size=\"40\" maxlength=\"400\" class=\"wpcf7-form-control wpcf7-tel wpcf7-validates-as-required wpcf7-text wpcf7-validates-as-tel\" autocomplete=\"tel\" aria-required=\"true\" aria-invalid=\"false\" value=\"\" type=\"tel\" name=\"tel-so-dien-thoai\" \/><\/span> <\/label>\n\t<\/p>\n\t<p><label> Ch\u01b0\u01a1ng tr\u00ecnh quan t\u00e2m:<br \/>\n<span class=\"wpcf7-form-control-wrap\" data-name=\"select-dich-vu\"><select class=\"wpcf7-form-control wpcf7-select wpcf7-validates-as-required\" aria-required=\"true\" aria-invalid=\"false\" name=\"select-dich-vu\"><option value=\"\">Vui l\u00f2ng ch\u1ecdn<\/option><option value=\"Ti\u1ebfng anh li\u00ean k\u1ebft cho tr\u1ebb M\u1ea7m non\">Ti\u1ebfng anh li\u00ean k\u1ebft cho tr\u1ebb M\u1ea7m non<\/option><option value=\"Ti\u1ebfng anh li\u00ean k\u1ebft cho h\u1ecdc sinh Ti\u1ec3u h\u1ecdc\">Ti\u1ebfng anh li\u00ean k\u1ebft cho h\u1ecdc sinh Ti\u1ec3u h\u1ecdc<\/option><option value=\"Ti\u1ebfng anh li\u00ean k\u1ebft cho h\u1ecdc sinh Trung h\u1ecdc c\u01a1 s\u1edf\">Ti\u1ebfng anh li\u00ean k\u1ebft cho h\u1ecdc sinh Trung h\u1ecdc c\u01a1 s\u1edf<\/option><option value=\"Ti\u1ebfng anh li\u00ean k\u1ebft cho h\u1ecdc sinh Trung h\u1ecdc ph\u1ed5 th\u00f4ng\">Ti\u1ebfng anh li\u00ean k\u1ebft cho h\u1ecdc sinh Trung h\u1ecdc ph\u1ed5 th\u00f4ng<\/option><\/select><\/span> <\/label>\n\t<\/p>\n\t<p><label> N\u1ed9i dung c\u1ea7n h\u1ed7 tr\u1ee3<br \/>\n<span class=\"wpcf7-form-control-wrap\" data-name=\"your-message\"><textarea cols=\"40\" rows=\"10\" maxlength=\"2000\" class=\"wpcf7-form-control wpcf7-textarea\" aria-invalid=\"false\" name=\"your-message\"><\/textarea><\/span> <\/label>\n\t<\/p>\n\t<p><input class=\"wpcf7-form-control wpcf7-submit has-spinner\" type=\"submit\" value=\"G\u1eedi y\u00eau c\u1ea7u\" \/>\n\t<\/p>\n<\/div><div class=\"wpcf7-response-output\" aria-hidden=\"true\"><\/div>\n<\/form>\n<\/div>\n\n\t\t<\/div>\n\t\t\t\t\t<\/div>\n\n\t\n<\/div>\n\t\t<\/div>\n\n\t\t\n<style>\n#section_1387194499 {\n  padding-top: 60px;\n  padding-bottom: 60px;\n}\n#section_1387194499 .ux-shape-divider--top svg {\n  height: 150px;\n  --divider-top-width: 100%;\n}\n#section_1387194499 .ux-shape-divider--bottom svg {\n  height: 150px;\n  --divider-width: 100%;\n}\n<\/style>\n\t<\/section>\n\t\n","protected":false},"excerpt":{"rendered":"","protected":false},"author":1,"featured_media":0,"parent":0,"menu_order":0,"comment_status":"closed","ping_status":"closed","template":"page-blank.php","meta":{"_acf_changed":false,"powered_cache_disable_cache":false,"powered_cache_disable_css_optimization":false,"powered_cache_disable_js_optimization":false,"footnotes":""},"class_list":["post-1863","page","type-page","status-publish","hentry"],"acf":[],"_links":{"self":[{"href":"https:\/\/eiv.edu.vn\/tienganhlienket\/wp-json\/wp\/v2\/pages\/1863","targetHints":{"allow":["GET"]}}],"collection":[{"href":"https:\/\/eiv.edu.vn\/tienganhlienket\/wp-json\/wp\/v2\/pages"}],"about":[{"href":"https:\/\/eiv.edu.vn\/tienganhlienket\/wp-json\/wp\/v2\/types\/page"}],"author":[{"embeddable":true,"href":"https:\/\/eiv.edu.vn\/tienganhlienket\/wp-json\/wp\/v2\/users\/1"}],"replies":[{"embeddable":true,"href":"https:\/\/eiv.edu.vn\/tienganhlienket\/wp-json\/wp\/v2\/comments?post=1863"}],"version-history":[{"count":20,"href":"https:\/\/eiv.edu.vn\/tienganhlienket\/wp-json\/wp\/v2\/pages\/1863\/revisions"}],"predecessor-version":[{"id":2197,"href":"https:\/\/eiv.edu.vn\/tienganhlienket\/wp-json\/wp\/v2\/pages\/1863\/revisions\/2197"}],"wp:attachment":[{"href":"https:\/\/eiv.edu.vn\/tienganhlienket\/wp-json\/wp\/v2\/media?parent=1863"}],"curies":[{"name":"wp","href":"https:\/\/api.w.org\/{rel}","templated":true}]}}